{"id":164,"date":"2024-01-02T19:34:24","date_gmt":"2024-01-02T19:34:24","guid":{"rendered":"https:\/\/www.poloznabaranowska.pl\/?page_id=164"},"modified":"2025-04-30T10:13:50","modified_gmt":"2025-04-30T10:13:50","slug":"oferta","status":"publish","type":"page","link":"https:\/\/www.poloznabaranowska.pl\/index.php\/oferta\/","title":{"rendered":"Oferta"},"content":{"rendered":"\n<p><\/p>\n\n\n\n<p><strong>PRZED NARODZINAMI&nbsp;<\/strong><\/p>\n\n\n\n<p>Przygotowanie do porodu naturalnego, b\u0105d\u017a operacyjnego \/ po\u0142ogu \/ karmienia \/ opieki nad noworodkiem \/ opieki nad matk\u0105&nbsp;(przed porodem) &#8211;&nbsp; <strong>3h<\/strong> &#8211; <strong>500 z\u0142<\/strong>&nbsp;<\/p>\n\n\n\n<p>Pe\u0142ne przygotowanie &#8211; pakiet kilku spotka\u0144 &#8211; zakres i cen\u0119 ustalamy indywidualnie w zale\u017cno\u015bci od potrzeb. Zale\u017cy mi na tym, by z jednej strony nie robi\u0107 presji tym, kt\u00f3rzy b\u0119d\u0105 potrzebowa\u0107 wi\u0119cej czasu oraz nie ci\u0105gn\u0105\u0107 spotka\u0144, gdy przyszli rodzice opanuj\u0105 tajniki rodzenia statystycznie szybko \ud83d\ude42&nbsp;&nbsp;<\/p>\n\n\n\n<p><strong>PO NARODZINACH&nbsp;<\/strong><\/p>\n\n\n\n<p>Pierwsza wizyta domowa u mamy i dziecka &#8211; <strong>min. 2 h<\/strong> (zwykle mi\u0119dzy 2 &#8211; 3h, w zale\u017cno\u015bci od potrzeb rodzic\u00f3w) &#8211; <strong>400 z\u0142<\/strong>&nbsp;<\/p>\n\n\n\n<p>Kolejna wizyta u mamy i dziecka &#8211; <strong>1h<\/strong> &#8211; <strong>250 z\u0142<\/strong>\u00a0<\/p>\n\n\n\n<p>\u201cJak nie ba\u0107 si\u0119 w\u0142asnego dziecka\u201d czyli spotkanie poporodowe z rodzicami, na kt\u00f3rym uczymy si\u0119 wsp\u00f3lnie i praktycznie (!) obs\u0142ugi najm\u0142odszego cz\u0142onka rodziny, wsp\u00f3lna k\u0105piel, nauka otulania noworodka, reagowania i rozpoznawania jego potrzeb, itd. (zakres spotkania w zale\u017cno\u015bci od potrzeb rodziny). &#8211; <strong>min 2h<\/strong> (zwykle&nbsp; 2 &#8211; 3h) &#8211; <strong>450 z\u0142<\/strong>&nbsp;<\/p>\n\n\n\n<p><strong>PORADNICTWO SEKSUOLOGICZNE&nbsp;<\/strong><\/p>\n\n\n\n<p>Wizyty odbywaj\u0105 si\u0119 w Warszawskim Instytucie Seksuologii i Psychoterapii <br>(ul. Nowogrodzka 25\/35, 00-511 Warszawa) <\/p>\n\n\n\n<p><strong>50 min &#8211; 250z\u0142 <\/strong><\/p>\n\n\n\n<p><strong>WARSZTATY \/ SZKO\u0141A RODZENIA&nbsp;<\/strong><\/p>\n\n\n\n<p>Cena ustalana indywidualnie z organizatorem na podstawie zakresu oraz czasu trwania wydarzenia.&nbsp;<\/p>\n\n\n\n<p><\/p>\n\n\n\n<p class=\"has-text-align-center\">__________________________ . __________________________<\/p>\n\n\n\n<ul class=\"wp-block-list\">\n<li>Ka\u017cda konsultacja mo\u017ce odby\u0107 si\u0119 zar\u00f3wno osobi\u015bcie (dom Podopiecznych \/ gabinet WISiP przy ul Nowogrodzkiej 25 \/35 w Warszawie) telefonicznie\u00a0lub online;\u00a0<\/li>\n\n\n\n<li>Dojazd w obr\u0119bie Warszawy jest wliczony w cen\u0119, natomiast dojazd poza Warszaw\u0119 (do 25 km) wynosi <strong>20 z\u0142<\/strong>;<br><\/li>\n\n\n\n<li>Po konsultacji (szczeg\u00f3lnie spotkania przedporodowe) uczestnicy otrzymuj\u0105 pakiet materia\u0142\u00f3w, dlatego prosz\u0119 o informacj\u0119 czy pracujecie na tradycyjnej kartce papieru, czy wolicie wersj\u0119 elektroniczn\u0105, przygotuj\u0119 zgodnie z Waszymi preferencjami;<br><\/li>\n\n\n\n<li>Miejsce przyjazne rodzinom adopcyjnym, jednop\u0142ciowym, patchworkowym, samodzielnym rodzicom i wszystkim pozosta\u0142ym. Rodzina to rodzina, Wy tworzycie jej definicj\u0119 \u2764\ufe0f<\/li>\n<\/ul>\n\n\n\n<p><\/p>\n","protected":false},"excerpt":{"rendered":"<p>PRZED NARODZINAMI&nbsp; Przygotowanie do porodu naturalnego, b\u0105d\u017a operacyjnego \/ po\u0142ogu \/ karmienia \/ opieki nad noworodkiem \/ opieki nad matk\u0105&nbsp;(przed porodem) &#8211;&nbsp; 3h &#8211; 500 z\u0142&nbsp; Pe\u0142ne przygotowanie &#8211; pakiet kilku spotka\u0144 &#8211; zakres i cen\u0119 ustalamy indywidualnie w zale\u017cno\u015bci od potrzeb. Zale\u017cy mi na tym, by z jednej strony nie robi\u0107 presji tym, kt\u00f3rzy &hellip; <\/p>\n","protected":false},"author":1,"featured_media":176,"parent":0,"menu_order":0,"comment_status":"closed","ping_status":"closed","template":"","meta":{"footnotes":""},"class_list":["post-164","page","type-page","status-publish","has-post-thumbnail","hentry"],"_links":{"self":[{"href":"https:\/\/www.poloznabaranowska.pl\/index.php\/wp-json\/wp\/v2\/pages\/164"}],"collection":[{"href":"https:\/\/www.poloznabaranowska.pl\/index.php\/wp-json\/wp\/v2\/pages"}],"about":[{"href":"https:\/\/www.poloznabaranowska.pl\/index.php\/wp-json\/wp\/v2\/types\/page"}],"author":[{"embeddable":true,"href":"https:\/\/www.poloznabaranowska.pl\/index.php\/wp-json\/wp\/v2\/users\/1"}],"replies":[{"embeddable":true,"href":"https:\/\/www.poloznabaranowska.pl\/index.php\/wp-json\/wp\/v2\/comments?post=164"}],"version-history":[{"count":5,"href":"https:\/\/www.poloznabaranowska.pl\/index.php\/wp-json\/wp\/v2\/pages\/164\/revisions"}],"predecessor-version":[{"id":224,"href":"https:\/\/www.poloznabaranowska.pl\/index.php\/wp-json\/wp\/v2\/pages\/164\/revisions\/224"}],"wp:featuredmedia":[{"embeddable":true,"href":"https:\/\/www.poloznabaranowska.pl\/index.php\/wp-json\/wp\/v2\/media\/176"}],"wp:attachment":[{"href":"https:\/\/www.poloznabaranowska.pl\/index.php\/wp-json\/wp\/v2\/media?parent=164"}],"curies":[{"name":"wp","href":"https:\/\/api.w.org\/{rel}","templated":true}]}}