{"id":123,"date":"2023-11-28T13:01:04","date_gmt":"2023-11-28T13:01:04","guid":{"rendered":"https:\/\/www.poloznabaranowska.pl\/?page_id=123"},"modified":"2024-02-25T13:44:03","modified_gmt":"2024-02-25T13:44:03","slug":"opinie","status":"publish","type":"page","link":"https:\/\/www.poloznabaranowska.pl\/index.php\/opinie\/","title":{"rendered":"Opinie"},"content":{"rendered":"\n<div class=\"wp-block-group has-background\" style=\"background-color:#c2bdb652\"><div class=\"wp-block-group__inner-container is-layout-constrained wp-block-group-is-layout-constrained\">\n<h2 class=\"wp-block-heading\">Ola i Wojtek, Rodzice Emilii:<\/h2>\n\n\n\n<p><em>Asi\u0119 poznali\u015bmy podczas naszej przygody ze szko\u0142\u0105 rodzenia w Szpitalu przy ulicy \u017belaznej.\u00a0<br><\/em><br><em>Asia zachwyci\u0142a nas swoj\u0105 wiedz\u0105, dok\u0142adno\u015bci\u0105, bezkompromisowo\u015bci\u0105 i bezpo\u015brednim podej\u015bciem &#8211; uznali\u015bmy wtedy, \u017ce takiej \u201ekonkretnej babki\u201d potrzebujemy &#8211; taka bez owijania w bawe\u0142n\u0119 przeprowadzi nas przez ten wymagaj\u0105cy czas stawania si\u0119 rodzicami. Uj\u0119\u0142a nas tak\u017ce jej szeroka wiedza w zakresie &#8211; po\u0142o\u017cnictwa, psychologii i seksuologii &#8211; dla nas by\u0142o i jest to po\u0142\u0105czenie idealne! Absolutne kompendium wiedzy w postaci filigranowej i absolutnie cieplej, szczerej, pomocnej i dobrej osoby.\u00a0<br><\/em><br><em>Asia by\u0142a z nami przed porodem, jak i po nim &#8211; zar\u00f3wno na wizytach u nas w domu, jak i wirtualnie o ka\u017cdej porze dnia i nocy &#8211; co by\u0142o dla nas wybawieniem szczeg\u00f3lnie w pierwszych tygodniach poznawania si\u0119 z Maluszkiem. Absolutne zaanga\u017cowanie i ogrom fachowej wiedzy poparty mn\u00f3stwem przyk\u0142ad\u00f3w.\u00a0<br><\/em><br><em>Gdyby\u015bmy mieli w dw\u00f3ch s\u0142owach opisa\u0107 to co kim si\u0119 dla nas sta\u0142a to nazwaliby\u015bmy j\u0105 naszym \u201eanio\u0142em str\u00f3\u017cem\u201d &#8211; dos\u0142ownie! Prowadzi\u0142a nas za r\u0119k\u0119, i szczerze wspar\u0142a gdy ja- Mama naszego Male\u0144stwa spotka\u0142am si\u0119 z demonem depresji poporodowej.<br><\/em><br><em>Ka\u017cdemu \u017cycz\u0119 tak absolutnie wspania\u0142ej i profesjonalnej osoby na swojej drodze! Ko\u0144cz\u0105c dodam- ze na spotkaniach z Asi\u0105 czuli\u015bmy si\u0119 jak na spotkaniach z star\u0105 przyjaci\u00f3\u0142k\u0105! Absolutny komfort!\u00a0<br><\/em><br><em>Asiu z ca\u0142ego serca trzymamy za Ciebie kciuki!<\/em><\/p>\n<\/div><\/div>\n\n\n\n<div class=\"wp-block-group has-background\" style=\"background-color:#c2bdb652\"><div class=\"wp-block-group__inner-container is-layout-constrained wp-block-group-is-layout-constrained\">\n<h2 class=\"wp-block-heading\">Dominika, mama Tadzia:<\/h2>\n\n\n\n<p><em>Chcia\u0142abym serdecznie podzi\u0119kowa\u0107 za ca\u0142\u0105 opiek\u0119, wsparcie, pomoc na sali pooperacyjnej! Trafi\u0142am najlepiej jak tylko mog\u0142am! <br><\/em><br><em>Chocia\u017c \u015brodowisko\u00a0 po\u0142o\u017cnicze nie jest mi obce, to jednak pierwszy raz mia\u0142am okazj\u0119 by\u0107 pacjentk\u0105 i prze\u017cywa\u0107 wszystko z tej drugiej strony, tym bardziej ciesz\u0119 si\u0119, \u017ce trafi\u0142am na osob\u0119 z tak ogromnym sercem i zaanga\u017cowaniem, po\u0142o\u017cn\u0105 z powo\u0142ania! <br><\/em><br><em>Jestem bardzo wdzi\u0119czna! Jeszcze raz bardzo dzi\u0119kujemy za opiek\u0119 razem z ma\u0142ym Tadziem!<\/em><\/p>\n<\/div><\/div>\n\n\n\n<div class=\"wp-block-group has-background\" style=\"background-color:#c2bdb652\"><div class=\"wp-block-group__inner-container is-layout-constrained wp-block-group-is-layout-constrained\">\n<h2 class=\"wp-block-heading\">Emilka, Adam i Helenka:<\/h2>\n\n\n\n<p><em>Trafili\u015bmy na Asie na jednym z portali social media. To co przekazywa\u0142a bardzo trafia\u0142o do nas i od razu wiedzieli\u015bmy, ze chcemy \u017ceby to ona nas przeprowadzi\u0142a przez trudny i nieznany najpierw okres ci\u0105\u017cy i przygotowa\u0144 do porodu, a p\u00f3\u017aniej pomoc w piel\u0119gnacji i opiece nad c\u00f3rka. Bardzo jeste\u015bmy jej wdzi\u0119czni za ogrom wiedzy jaki dostali\u015bmy i przesuper wsp\u00f3\u0142prac\u0119! Wiedzieli\u015bmy, ze mo\u017cemy w ka\u017cdej chwili odezwa\u0107 si\u0119 je\u015bli co\u015b nas niepokoi i Asia w nocy o p\u00f3\u0142nocy odpowie nam na nawet najbardziej oczywiste pytania \ud83d\ude42<br><\/em><br><em>Tez wiem, ze je\u015bli mia\u0142abym problemy z depresj\u0105 w ci\u0105\u017cy czy po niej, mog\u0142abym bez obaw podzieli\u0107 si\u0119 tym z Asi\u0105 i pomog\u0142aby mi przez to przej\u015b\u0107, bo to taki typ cz\u0142owieka, ze rozmawiaj\u0105c z ni\u0105 czujesz jakby\u015b rozmawia\u0142a z przyjaci\u00f3\u0142ka!<br><\/em><br><em>Szczerze i z ca\u0142ego serducha polecamy Asie\u00a0 jako po\u0142o\u017cn\u0105 i jako kobiet\u0119, kt\u00f3rej mo\u017cecie zaufa\u0107 \ud83d\ude42<\/em><\/p>\n<\/div><\/div>\n\n\n\n<div class=\"wp-block-group has-background\" style=\"background-color:#c2bdb652\"><div class=\"wp-block-group__inner-container is-layout-constrained wp-block-group-is-layout-constrained\">\n<h2 class=\"wp-block-heading\">Mama Tomcia:<\/h2>\n\n\n\n<p><em>Syn ju\u017c sko\u0144czy\u0142 7 miesi\u0119cy, w\u0142a\u015bnie go karmi\u0119. Tak cz\u0119sto wracam do tamtych wspomnie\u0144 i emocji. Pami\u0119tam, \u017ce Pani g\u0142os po tej nieoczekiwanej cesarce podnosi\u0142 mnie na duchu. Dopiero p\u00f3\u017aniej u\u015bwiadomi\u0142am sobie, \u017ce pozna\u0142am go na szkole rodzenia<br><\/em><br><em>Ciesz\u0119 si\u0119, \u017ce na Pani\u0105 trafia\u0142am, jest Pani prawdziw\u0105 po\u0142o\u017cn\u0105 z powo\u0142ania. <br><\/em><br><em>Dzi\u0119kuj\u0119!<\/em><\/p>\n<\/div><\/div>\n\n\n\n<div class=\"wp-block-group has-background\" style=\"background-color:#c2bdb652\"><div class=\"wp-block-group__inner-container is-layout-constrained wp-block-group-is-layout-constrained\">\n<h2 class=\"wp-block-heading\">Ania:<\/h2>\n\n\n\n<p><em>Wyczerpuj\u0105ca wiedza ginekologiczno-po\u0142o\u017cnicza, bezgraniczna empatia oraz zaanga\u017cowanie to wci\u0105\u017c za ma\u0142o aby opisa\u0107 jak\u0105 opiek\u0105 otula Ci\u0119 Asia.<br><\/em><br><em>Jej do\u015bwiadczenie i spos\u00f3b dzielenia si\u0119 wiedz\u0105 wprowadza Ci\u0119 w uzasadnione poczucie bezpiecze\u0144stwa. Po rozmowie z Ni\u0105, l\u0119ki, obawy oko\u0142oporodowe oraz baby blues sta\u0142y si\u0119 \u0142atwiejsze do prze\u017cycia i ostatecznie do przezwyci\u0119\u017cenia.<br><\/em><br><em>Bez chwili zawahania polecam bo cel &#8211; zdrowa ja, w tym zdrowa g\u0142owa zosta\u0142 osi\u0105gni\u0119ty \ud83d\ude42\u00a0<\/em><\/p>\n<\/div><\/div>\n\n\n\n<div class=\"wp-block-group has-background\" style=\"background-color:#c2bdb652\"><div class=\"wp-block-group__inner-container is-layout-constrained wp-block-group-is-layout-constrained\">\n<h2 class=\"wp-block-heading\">Beg\u00fcm &amp; Piotrek:<\/h2>\n\n\n\n<p><em>Po pierwsze Asia jest fantastyczn\u0105, ciep\u0142\u0105 i bardzo pomocn\u0105 osob\u0105. D\u0142ugo zastanawiali\u015bmy si\u0119 gdzie powinien odby\u0107 si\u0119 por\u00f3d ale to Asia sprawi\u0142a, \u017ce na ko\u0144cu decyzja by\u0142a bardzo prosta.\u00a0<br><br>Dzi\u0119ki Asi byli\u015bmy doskonale przygotowani na przyj\u015bcie naszych dziewczyn. Od pierwszego dnia gdy si\u0119 poznali\u015bmy dzieli\u0142a si\u0119 z nami poradami, niezale\u017cnie od dnia i godziny.\u00a0<\/em><\/p>\n\n\n\n<p><br><em>Po porodzie wspania\u0142e zaopiekowa\u0142a si\u0119 mn\u0105 oraz dziewczynkami dzi\u0119ki czemu wszystkie czu\u0142y\u015bmy si\u0119 komfortowo i bezpiecznie. R\u00f3wnie\u017c dzi\u0119ki niej mog\u0142am odpocz\u0105\u0107 po raz ostatni, zanim wyruszyli\u015bmy w podr\u00f3\u017c z naszymi bli\u017aniakami.<\/em><\/p>\n\n\n\n<p><br><em>Asia towarzyszy\u0142a nam r\u00f3wnie\u017c podczas pierwszej k\u0105pieli naszych dziewczynek w domu, dzieli\u0142a si\u0119 r\u00f3\u017cnymi wskaz\u00f3wkami oraz swoj\u0105 wiedz\u0105.\u00a0<\/em><\/p>\n\n\n\n<p><br><em>Asiu, bardzo ci dzi\u0119kujemy za pomoc w tym wyj\u0105tkowym dla nas momencie. Jeste\u015b jednym z powod\u00f3w, dla kt\u00f3rego postanowi\u0142am rodzi\u0107 w Polsce. I nigdy tego nie b\u0119d\u0119 \u017ca\u0142owa\u0107!<\/em><\/p>\n<\/div><\/div>\n\n\n\n<div class=\"wp-block-group has-background\" style=\"background-color:#c2bdb652\"><div class=\"wp-block-group__inner-container is-layout-constrained wp-block-group-is-layout-constrained\">\n<h2 class=\"wp-block-heading\">E.:<\/h2>\n\n\n\n<p><em>Asia, od samego pocz\u0105tku zaopiekowa\u0142a si\u0119 mn\u0105 I c\u00f3rk\u0105. Przeprowadzi\u0142a szczeg\u00f3\u0142owy wywiad dotycz\u0105cy moich wcze\u015bniejszych do\u015bwiadcze\u0144 i przekaza\u0142a du\u017co praktycznych wskaz\u00f3wek dotycz\u0105cych dbania o siebie jeszcze przed porodem. <br><br>Przede wszystkim podchodzi holistycznie do pacjenta. Ma olbrzymi\u0105 wiedz\u0119, kt\u00f3r\u0105 ch\u0119tnie si\u0119 dzieli. Jest cierpliwa i empatyczna. Odpowiada\u0142a na wszystkie pytania dotycz\u0105ce zdrowia i rozwoju mojego dziecka. <br><br>Polecam ka\u017cdemu kto potrzebuje czu\u0142ego i zaanga\u017cowanego przewodnika w tak wa\u017cnym okresie jakim jest rodzicielstwo.<\/em><\/p>\n<\/div><\/div>\n","protected":false},"excerpt":{"rendered":"<p>Ola i Wojtek, Rodzice Emilii: Asi\u0119 poznali\u015bmy podczas naszej przygody ze szko\u0142\u0105 rodzenia w Szpitalu przy ulicy \u017belaznej.\u00a0Asia zachwyci\u0142a nas swoj\u0105 wiedz\u0105, dok\u0142adno\u015bci\u0105, bezkompromisowo\u015bci\u0105 i bezpo\u015brednim podej\u015bciem &#8211; uznali\u015bmy wtedy, \u017ce takiej \u201ekonkretnej babki\u201d potrzebujemy &#8211; taka bez owijania w bawe\u0142n\u0119 przeprowadzi nas przez ten wymagaj\u0105cy czas stawania si\u0119 rodzicami. Uj\u0119\u0142a nas tak\u017ce jej szeroka &hellip; <\/p>\n","protected":false},"author":1,"featured_media":176,"parent":0,"menu_order":0,"comment_status":"closed","ping_status":"closed","template":"","meta":{"footnotes":""},"class_list":["post-123","page","type-page","status-publish","has-post-thumbnail","hentry"],"_links":{"self":[{"href":"https:\/\/www.poloznabaranowska.pl\/index.php\/wp-json\/wp\/v2\/pages\/123"}],"collection":[{"href":"https:\/\/www.poloznabaranowska.pl\/index.php\/wp-json\/wp\/v2\/pages"}],"about":[{"href":"https:\/\/www.poloznabaranowska.pl\/index.php\/wp-json\/wp\/v2\/types\/page"}],"author":[{"embeddable":true,"href":"https:\/\/www.poloznabaranowska.pl\/index.php\/wp-json\/wp\/v2\/users\/1"}],"replies":[{"embeddable":true,"href":"https:\/\/www.poloznabaranowska.pl\/index.php\/wp-json\/wp\/v2\/comments?post=123"}],"version-history":[{"count":10,"href":"https:\/\/www.poloznabaranowska.pl\/index.php\/wp-json\/wp\/v2\/pages\/123\/revisions"}],"predecessor-version":[{"id":161,"href":"https:\/\/www.poloznabaranowska.pl\/index.php\/wp-json\/wp\/v2\/pages\/123\/revisions\/161"}],"wp:featuredmedia":[{"embeddable":true,"href":"https:\/\/www.poloznabaranowska.pl\/index.php\/wp-json\/wp\/v2\/media\/176"}],"wp:attachment":[{"href":"https:\/\/www.poloznabaranowska.pl\/index.php\/wp-json\/wp\/v2\/media?parent=123"}],"curies":[{"name":"wp","href":"https:\/\/api.w.org\/{rel}","templated":true}]}}